{"id":2419,"date":"2021-04-21T22:51:51","date_gmt":"2021-04-21T22:51:51","guid":{"rendered":"https:\/\/aykacevre.com\/?page_id=2419"},"modified":"2021-04-21T22:51:51","modified_gmt":"2021-04-21T22:51:51","slug":"faydali-linkler","status":"publish","type":"page","link":"https:\/\/aykacevre.com\/index.php\/faydali-linkler\/","title":{"rendered":"Faydal\u0131 Linkler"},"content":{"rendered":"<p>[vc_row][vc_column][vc_toggle title=&#8221;\u0130htiya\u00e7 Duyaca\u011f\u0131n\u0131z Sayfalar&#8221; style=&#8221;round&#8221; size=&#8221;lg&#8221; open=&#8221;true&#8221;]<strong><a href=\"https:\/\/cygm.csb.gov.tr\/\">\u00c7evre ve \u015eehircilik Bakanl\u0131\u011f\u0131<\/a><\/strong><\/p>\n<p><strong><a href=\"http:\/\/www.sifiratik.gov.tr\">S\u0131f\u0131r At\u0131k<\/a><\/strong><\/p>\n<p><strong><a href=\"http:\/\/www.gimbirder.com\">Gemi M\u00fcthaitleri Derne\u011fi<\/a><\/strong><\/p>\n<p><strong><a href=\"https:\/\/www.cevremuhendisligi.org\/\">\u00c7evre M\u00fchendisleri Portal\u0131<\/a><\/strong><\/p>\n<p><strong><a href=\"https:\/\/www.altinova.bel.tr\/\">Alt\u0131nova Belediyesi<\/a><\/strong>[\/vc_toggle][\/vc_column][\/vc_row]<\/p>\n","protected":false},"excerpt":{"rendered":"<p>[vc_row][vc_column][vc_toggle title=&#8221;\u0130htiya\u00e7 Duyaca\u011f\u0131n\u0131z Sayfalar&#8221; style=&#8221;round&#8221; size=&#8221;lg&#8221; open=&#8221;true&#8221;]\u00c7evre ve \u015eehircilik Bakanl\u0131\u011f\u0131 S\u0131f\u0131r At\u0131k Gemi M\u00fcthaitleri Derne\u011fi \u00c7evre M\u00fchendisleri Portal\u0131 Alt\u0131nova Belediyesi[\/vc_toggle][\/vc_column][\/vc_row]<\/p>\n","protected":false},"author":1,"featured_media":0,"parent":0,"menu_order":0,"comment_status":"closed","ping_status":"closed","template":"","meta":{"footnotes":""},"class_list":["post-2419","page","type-page","status-publish","hentry"],"_links":{"self":[{"href":"https:\/\/aykacevre.com\/index.php\/wp-json\/wp\/v2\/pages\/2419","targetHints":{"allow":["GET"]}}],"collection":[{"href":"https:\/\/aykacevre.com\/index.php\/wp-json\/wp\/v2\/pages"}],"about":[{"href":"https:\/\/aykacevre.com\/index.php\/wp-json\/wp\/v2\/types\/page"}],"author":[{"embeddable":true,"href":"https:\/\/aykacevre.com\/index.php\/wp-json\/wp\/v2\/users\/1"}],"replies":[{"embeddable":true,"href":"https:\/\/aykacevre.com\/index.php\/wp-json\/wp\/v2\/comments?post=2419"}],"version-history":[{"count":2,"href":"https:\/\/aykacevre.com\/index.php\/wp-json\/wp\/v2\/pages\/2419\/revisions"}],"predecessor-version":[{"id":2421,"href":"https:\/\/aykacevre.com\/index.php\/wp-json\/wp\/v2\/pages\/2419\/revisions\/2421"}],"wp:attachment":[{"href":"https:\/\/aykacevre.com\/index.php\/wp-json\/wp\/v2\/media?parent=2419"}],"curies":[{"name":"wp","href":"https:\/\/api.w.org\/{rel}","templated":true}]}}