{"id":2416,"date":"2021-04-21T22:33:58","date_gmt":"2021-04-21T22:33:58","guid":{"rendered":"https:\/\/aykacevre.com\/?page_id=2416"},"modified":"2021-04-21T22:33:58","modified_gmt":"2021-04-21T22:33:58","slug":"iletisim","status":"publish","type":"page","link":"https:\/\/aykacevre.com\/index.php\/iletisim\/","title":{"rendered":"\u0130leti\u015fim"},"content":{"rendered":"<p>[vc_row][vc_column width=&#8221;1\/2&#8243;]\n        <div class=\"contact-info-box \" style=\"background-color: #000000\">\n            <div class=\"contact-info-content\" style=\"color: #ebebeb\">\n                <ul class=\"no-list-style\"><li><i style=\"color: #0a6db7\" class=\"flaticon-xzopro-placeholder\"><\/i> <span  style=\"color: #0a6db7\">\u0130leti\u015fim : <\/span><p>AYKA \u00c7EVRESEL Y\u00d6NET\u0130M SAN. ve T\u0130C. LTD.\u015eT\u0130.<br \/>\nAdres : Cumhuriyet Mahallesi Atat\u00fcrk Caddesi \u0130lyas Karada\u011f \u0130\u015f Merkezi No:31\/14<br \/>\nAlt\u0131nova \/ YALOVA<br \/>\nE-Posta : rifat@aykacevre.com<br \/>\nTelefon : 0226 461 2240<br \/>\nGsm : 0541 290 6140<\/p>\n<\/li>\n                <\/ul>\n            <\/div>\n        <\/div>\n    [\/vc_column][vc_column width=&#8221;1\/2&#8243;][vc_gmaps link=&#8221;#E-8_JTNDaWZyYW1lJTIwc3JjJTNEJTIyaHR0cHMlM0ElMkYlMkZ3d3cuZ29vZ2xlLmNvbSUyRm1hcHMlMkZlbWJlZCUzRnBiJTNEJTIxMW0xOCUyMTFtMTIlMjExbTMlMjExZDc1Ni4yNDA4NDY3MzA3NjM4JTIxMmQyOS41MTAxNDM4MjkyNTU1MTUlMjEzZDQwLjY5NjgwMzk5ODcwODMzJTIxMm0zJTIxMWYwJTIxMmYwJTIxM2YwJTIxM20yJTIxMWkxMDI0JTIxMmk3NjglMjE0ZjEzLjElMjEzbTMlMjExbTIlMjExczB4MCUyNTNBMHgwJTIxMnpORERDc0RReEp6UTRMalVpVGlBeU9jS3dNekFuTXpndU5TSkYlMjE1ZTAlMjEzbTIlMjExc3RyJTIxMnN0ciUyMTR2MTU3MjI3Mjc3MTAzMSUyMTVtMiUyMTFzdHIlMjEyc3RyJTIyJTIwd2lkdGglM0QlMjIxOTAwJTIyJTIwaGVpZ2h0JTNEJTIyNDAwJTIyJTIwZnJhbWVib3JkZXIlM0QlMjIwJTIyJTIwc3R5bGUlM0QlMjJib3JkZXIlM0EwJTNCJTIyJTIwYWxsb3dmdWxsc2NyZWVuJTNEJTIyJTIyJTNFJTNDJTJGaWZyYW1lJTNF&#8221;][\/vc_column][\/vc_row]<\/p>\n","protected":false},"excerpt":{"rendered":"<p>[vc_row][vc_column width=&#8221;1\/2&#8243;][\/vc_column][vc_column width=&#8221;1\/2&#8243;][vc_gmaps link=&#8221;#E-8_JTNDaWZyYW1lJTIwc3JjJTNEJTIyaHR0cHMlM0ElMkYlMkZ3d3cuZ29vZ2xlLmNvbSUyRm1hcHMlMkZlbWJlZCUzRnBiJTNEJTIxMW0xOCUyMTFtMTIlMjExbTMlMjExZDc1Ni4yNDA4NDY3MzA3NjM4JTIxMmQyOS41MTAxNDM4MjkyNTU1MTUlMjEzZDQwLjY5NjgwMzk5ODcwODMzJTIxMm0zJTIxMWYwJTIxMmYwJTIxM2YwJTIxM20yJTIxMWkxMDI0JTIxMmk3NjglMjE0ZjEzLjElMjEzbTMlMjExbTIlMjExczB4MCUyNTNBMHgwJTIxMnpORERDc0RReEp6UTRMalVpVGlBeU9jS3dNekFuTXpndU5TSkYlMjE1ZTAlMjEzbTIlMjExc3RyJTIxMnN0ciUyMTR2MTU3MjI3Mjc3MTAzMSUyMTVtMiUyMTFzdHIlMjEyc3RyJTIyJTIwd2lkdGglM0QlMjIxOTAwJTIyJTIwaGVpZ2h0JTNEJTIyNDAwJTIyJTIwZnJhbWVib3JkZXIlM0QlMjIwJTIyJTIwc3R5bGUlM0QlMjJib3JkZXIlM0EwJTNCJTIyJTIwYWxsb3dmdWxsc2NyZWVuJTNEJTIyJTIyJTNFJTNDJTJGaWZyYW1lJTNF&#8221;][\/vc_column][\/vc_row]<\/p>\n","protected":false},"author":1,"featured_media":0,"parent":0,"menu_order":0,"comment_status":"closed","ping_status":"closed","template":"","meta":{"footnotes":""},"class_list":["post-2416","page","type-page","status-publish","hentry"],"_links":{"self":[{"href":"https:\/\/aykacevre.com\/index.php\/wp-json\/wp\/v2\/pages\/2416","targetHints":{"allow":["GET"]}}],"collection":[{"href":"https:\/\/aykacevre.com\/index.php\/wp-json\/wp\/v2\/pages"}],"about":[{"href":"https:\/\/aykacevre.com\/index.php\/wp-json\/wp\/v2\/types\/page"}],"author":[{"embeddable":true,"href":"https:\/\/aykacevre.com\/index.php\/wp-json\/wp\/v2\/users\/1"}],"replies":[{"embeddable":true,"href":"https:\/\/aykacevre.com\/index.php\/wp-json\/wp\/v2\/comments?post=2416"}],"version-history":[{"count":1,"href":"https:\/\/aykacevre.com\/index.php\/wp-json\/wp\/v2\/pages\/2416\/revisions"}],"predecessor-version":[{"id":2417,"href":"https:\/\/aykacevre.com\/index.php\/wp-json\/wp\/v2\/pages\/2416\/revisions\/2417"}],"wp:attachment":[{"href":"https:\/\/aykacevre.com\/index.php\/wp-json\/wp\/v2\/media?parent=2416"}],"curies":[{"name":"wp","href":"https:\/\/api.w.org\/{rel}","templated":true}]}}