{"id":2169,"date":"2018-07-08T03:13:48","date_gmt":"2018-07-08T03:13:48","guid":{"rendered":"http:\/\/tf.themedraft.com\/wp\/xzopro\/?page_id=20"},"modified":"2020-05-04T18:27:46","modified_gmt":"2020-05-04T18:27:46","slug":"zibiniki","status":"publish","type":"page","link":"https:\/\/aykacevre.com\/index.php\/zibiniki\/","title":{"rendered":"\u0130leti\u015fim"},"content":{"rendered":"<p>[vc_row css=&#8221;.vc_custom_1529464820242{padding-top: 92px !important;}&#8221;][vc_column]\n        <div class=\"section-title-wrapper \" style=\"color: #505050\">\n            <div class=\"row text-center\">\n                <div class=\"col-xl-6 offset-xl-3 col-lg-8 offset-lg-2 col-md-10 offset-md-1\">  \n                    <h2 class=\"section-title\" style=\"color:#0a6db7\">\u0130LET\u0130\u015e\u0130M<\/h2>\n                    <ul class=\"title-shape no-list-style text-center\">\n                        <li style=\"background: #0a6db7\"><\/li>\n                        <li style=\"background: #0a6db7\"><\/li>\n                        <li style=\"background: #0a6db7\"><\/li>\n                    <\/ul>\n                    <p>L\u00fctfen bilgi almak istedi\u011finiz her konuda bize yaz\u0131n. En k\u0131sa s\u00fcrede ekibimiz taraf\u0131n\u0131za d\u00f6n\u00fc\u015f sa\u011flayacakt\u0131r.<\/p>\n\n                <\/div>\n            <\/div>   \n        <\/div>\n    [vc_row_inner css=&#8221;.vc_custom_1530364944779{padding-bottom: 100px !important;}&#8221;][vc_column_inner width=&#8221;5\/12&#8243;]\n        <div class=\"contact-info-box \" style=\"background-color: #000000\">\n            <div class=\"contact-info-content\" style=\"color: #ebebeb\">\n                <ul class=\"no-list-style\"><li><i style=\"color: #0a6db7\" class=\"flaticon-xzopro-placeholder\"><\/i> <span  style=\"color: #0a6db7\">Addres : <\/span><p>Cumhuriyet Mahallesi \u0130lyas Karada\u011f \u0130\u015fmerkezi No:31\/14 Alt\u0131nova YALOVA<\/p>\n<\/li><li><i style=\"color: #0a6db7\" class=\"flaticon-xzopro-phone-call\"><\/i> <span  style=\"color: #0a6db7\">Telefonlar : <\/span><p>0226 441 2240<br \/>\n0541 290 6140<\/p>\n<\/li><li><i style=\"color: #0a6db7\" class=\"flaticon-xzopro-email\"><\/i> <span  style=\"color: #0a6db7\">E-Posta : <\/span><p>bilgi@aykacevre.com<br \/>\nrifat@aykacevre.com<\/p>\n<\/li><li><i style=\"color: #0a6db7\" class=\"flaticon-xzopro-clock-2\"><\/i> <span  style=\"color: #0a6db7\">A\u00e7\u0131k Olan Saatler : <\/span><p>Pazartesi - Cumartesi: 09.00 - 18.00<\/p>\n<\/li><li><i style=\"color: #0a6db7\" class=\"flaticon-xzopro-placeholder\"><\/i> <span  style=\"color: #0a6db7\"> : <\/span><\/li>\n                <\/ul>\n            <\/div>\n        <\/div>\n    [\/vc_column_inner][vc_column_inner width=&#8221;7\/12&#8243;]<div role=\"form\" class=\"wpcf7\" id=\"wpcf7-f170-o1\" lang=\"en-US\" dir=\"ltr\">\n<div class=\"screen-reader-response\" aria-live=\"polite\"><\/div>\n<form action=\"\/index.php\/wp-json\/wp\/v2\/pages\/2169#wpcf7-f170-o1\" method=\"post\" class=\"wpcf7-form\" novalidate=\"novalidate\">\n<div style=\"display: none;\">\n<input type=\"hidden\" name=\"_wpcf7\" value=\"170\" \/>\n<input type=\"hidden\" name=\"_wpcf7_version\" value=\"5.1.9\" \/>\n<input type=\"hidden\" name=\"_wpcf7_locale\" value=\"en_US\" \/>\n<input type=\"hidden\" name=\"_wpcf7_unit_tag\" value=\"wpcf7-f170-o1\" \/>\n<input type=\"hidden\" name=\"_wpcf7_container_post\" value=\"0\" \/>\n<\/div>\n<div class=\"xzopro-contact-form-1\">\n<div class=\"row\">\n<div class=\"col-lg-6\">\n            <span class=\"wpcf7-form-control-wrap sendername\"><input type=\"text\" name=\"sendername\" value=\"\" size=\"40\" class=\"wpcf7-form-control wpcf7-text wpcf7-validates-as-required\" aria-required=\"true\" aria-invalid=\"false\" placeholder=\"Ad Soyad*\" \/><\/span>\n        <\/div>\n<div class=\"col-lg-6\">\n            <span class=\"wpcf7-form-control-wrap senderemail\"><input type=\"email\" name=\"senderemail\" value=\"\" size=\"40\" class=\"wpcf7-form-control wpcf7-text wpcf7-email wpcf7-validates-as-required wpcf7-validates-as-email\" aria-required=\"true\" aria-invalid=\"false\" placeholder=\"E-Posta*\" \/><\/span>\n        <\/div>\n<div class=\"col-lg-12\">\n            <span class=\"wpcf7-form-control-wrap sendermobile\"><input type=\"text\" name=\"sendermobile\" value=\"\" size=\"40\" class=\"wpcf7-form-control wpcf7-text\" aria-invalid=\"false\" placeholder=\"Telefon Numaras\u0131\" \/><\/span>\n        <\/div>\n<div class=\"col-lg-12\">\n            <span class=\"wpcf7-form-control-wrap sendermessage\"><textarea name=\"sendermessage\" cols=\"40\" rows=\"10\" class=\"wpcf7-form-control wpcf7-textarea wpcf7-validates-as-required\" aria-required=\"true\" aria-invalid=\"false\" placeholder=\"Mesaj*\"><\/textarea><\/span>\n        <\/div>\n<div class=\"col-lg-12\">\n            <input type=\"submit\" value=\"G\u00f6nder\" class=\"wpcf7-form-control wpcf7-submit\" \/>\n        <\/div><\/div>\n<\/div>\n<div class=\"wpcf7-response-output wpcf7-display-none\" aria-hidden=\"true\"><\/div><\/form><\/div>[\/vc_column_inner][\/vc_row_inner][\/vc_column][\/vc_row][vc_row][vc_column]\n        <div class=\"xzopro-googlemap\" id=\"xzopro-googlemap128136349\" style=\"height:450px; width:100%\"><\/div>\n        <script src=\"https:\/\/maps.googleapis.com\/maps\/api\/js?key=AIzaSyCVkXBM6uE8DLr42hvOjjLpcH8nn0kBEdI\"><\/script>\n\n        <script>\n        var locations128136349 = [[\"Cumhuriyet Mahallesi \u0130lyas Karada\u011f \u0130\u015f Merkezi Kat:1 \", 40.696866,29.510736],];\n        var mapcenter128136349={lat:40.696866,lng:29.510736};\n\n        function initialize() {\n            var xzopromap128136349 = {\n                center:mapcenter128136349,\n                zoom: 10,\n                mapTypeId:google.maps.MapTypeId.ROADMAP\n            };\n\n            var map=new google.maps.Map(document.getElementById(\"xzopro-googlemap128136349\"),xzopromap128136349);\n\n            var infowindow = new google.maps.InfoWindow();\n\n            var marker, i;\n\n            for (i = 0; i < locations128136349.length; i++){  \n                marker = new google.maps.Marker({\n                    position: new google.maps.LatLng(locations128136349[i][1], locations128136349[i][2]),\n                    icon:\"\",animation:google.maps.Animation.BOUNCE,\n                    map: map\n                });\n\n                var infowindow = new google.maps.InfoWindow({\n                  content: locations128136349[i][0],\n                  maxWidth: 160\n                });\n            }\n            marker.setMap(map);\n              \n        }\n\n        google.maps.event.addDomListener(window, \"load\", initialize); <\/script>\n    [\/vc_column][\/vc_row]<\/p>\n","protected":false},"excerpt":{"rendered":"<p>[vc_row css=&#8221;.vc_custom_1529464820242{padding-top: 92px !important;}&#8221;][vc_column][vc_row_inner css=&#8221;.vc_custom_1530364944779{padding-bottom: 100px !important;}&#8221;][vc_column_inner width=&#8221;5\/12&#8243;][\/vc_column_inner][vc_column_inner width=&#8221;7\/12&#8243;][\/vc_column_inner][\/vc_row_inner][\/vc_column][\/vc_row][vc_row][vc_column][\/vc_column][\/vc_row]<\/p>\n","protected":false},"author":1,"featured_media":0,"parent":0,"menu_order":0,"comment_status":"closed","ping_status":"closed","template":"","meta":{"footnotes":""},"class_list":["post-2169","page","type-page","status-publish","hentry"],"_links":{"self":[{"href":"https:\/\/aykacevre.com\/index.php\/wp-json\/wp\/v2\/pages\/2169","targetHints":{"allow":["GET"]}}],"collection":[{"href":"https:\/\/aykacevre.com\/index.php\/wp-json\/wp\/v2\/pages"}],"about":[{"href":"https:\/\/aykacevre.com\/index.php\/wp-json\/wp\/v2\/types\/page"}],"author":[{"embeddable":true,"href":"https:\/\/aykacevre.com\/index.php\/wp-json\/wp\/v2\/users\/1"}],"replies":[{"embeddable":true,"href":"https:\/\/aykacevre.com\/index.php\/wp-json\/wp\/v2\/comments?post=2169"}],"version-history":[{"count":8,"href":"https:\/\/aykacevre.com\/index.php\/wp-json\/wp\/v2\/pages\/2169\/revisions"}],"predecessor-version":[{"id":2395,"href":"https:\/\/aykacevre.com\/index.php\/wp-json\/wp\/v2\/pages\/2169\/revisions\/2395"}],"wp:attachment":[{"href":"https:\/\/aykacevre.com\/index.php\/wp-json\/wp\/v2\/media?parent=2169"}],"curies":[{"name":"wp","href":"https:\/\/api.w.org\/{rel}","templated":true}]}}