{"id":2166,"date":"2018-07-08T03:11:42","date_gmt":"2018-07-08T03:11:42","guid":{"rendered":"http:\/\/tf.themedraft.com\/wp\/xzopro\/?page_id=12"},"modified":"2018-07-08T03:11:42","modified_gmt":"2018-07-08T03:11:42","slug":"services","status":"publish","type":"page","link":"https:\/\/aykacevre.com\/index.php\/services\/","title":{"rendered":"Services"},"content":{"rendered":"<p>[vc_row css=&#8221;.vc_custom_1534764583084{padding-top: 86px !important;padding-bottom: 70px !important;background-position: center !important;background-repeat: no-repeat !important;background-size: cover !important;}&#8221;][vc_column width=&#8221;1\/3&#8243;]\n        <div id=\"service-box-357\" class=\"single-service-box service-box-style-2 \">\n            <div class=\"service-content-wrapper\">\n                <div class=\"service-box-icon flaticon\"><i class=\"flaticon-new-contract\"><\/i>\n                <\/div>\n                <div class=\"service-box-content\">\n                    <a href=\"https:\/\/aykacevre.com\/index.php\/services\/financial-advice\/\"><h4>Financial advice<\/h4><\/a>\n                    <p>There are many variations of passages of that Lorem Ipsum available but the majority have suffered alteration in bypassage.<\/p>\n\n                    <a class=\"service-read-more\" href=\"https:\/\/aykacevre.com\/index.php\/services\/financial-advice\/\">Read More<\/a>\n                <\/div>\n            <\/div>\n        <\/div>\n        \n        <style>\n            #service-box-357 .service-box-content,\n            #service-box-357.service-box-style-1 .service-box-icon,\n            #service-box-357 .service-box-content a h4{\n                color: #242424;\n            }\n            #service-box-357 .service-read-more,\n            #service-box-357 .service-read-more:before,\n            #service-box-357 .service-read-more:hover,\n            #service-box-357.single-service-box:hover a h4{\n                color: #0a6db7;\n            }\n            \n            #service-box-357.service-box-style-2:hover .service-box-icon{\n                background: #0a6db7;\n                border-color: #0a6db7;\n            }\n        <\/style>\n    \n        <div id=\"service-box-132\" class=\"single-service-box service-box-style-2 \">\n            <div class=\"service-content-wrapper\">\n                <div class=\"service-box-icon flaticon\"><i class=\"flaticon-finance-rich\"><\/i>\n                <\/div>\n                <div class=\"service-box-content\">\n                    <a href=\"https:\/\/aykacevre.com\/index.php\/ot1c850\/\"><h4>Business Investment<\/h4><\/a>\n                    <p>There are many variations of passages of that Lorem Ipsum available but the majority have suffered alteration in bypassage.<\/p>\n\n                    <a class=\"service-read-more\" href=\"https:\/\/aykacevre.com\/index.php\/ot1c850\/\">Read More<\/a>\n                <\/div>\n            <\/div>\n        <\/div>\n        \n        <style>\n            #service-box-132 .service-box-content,\n            #service-box-132.service-box-style-1 .service-box-icon,\n            #service-box-132 .service-box-content a h4{\n                color: #242424;\n            }\n            #service-box-132 .service-read-more,\n            #service-box-132 .service-read-more:before,\n            #service-box-132 .service-read-more:hover,\n            #service-box-132.single-service-box:hover a h4{\n                color: #0a6db7;\n            }\n            \n            #service-box-132.service-box-style-2:hover .service-box-icon{\n                background: #0a6db7;\n                border-color: #0a6db7;\n            }\n        <\/style>\n    [\/vc_column][vc_column width=&#8221;1\/3&#8243;]\n        <div id=\"service-box-436\" class=\"single-service-box service-box-style-2 \">\n            <div class=\"service-content-wrapper\">\n                <div class=\"service-box-icon flaticon\"><i class=\"flaticon-xzopro-business\"><\/i>\n                <\/div>\n                <div class=\"service-box-content\">\n                    <a href=\"https:\/\/aykacevre.com\/index.php\/one-click-demo-import-log_file_2019-10-16__08-50-51\/\"><h4>Business promotions<\/h4><\/a>\n                    <p>There are many variations of passages of that Lorem Ipsum available but the majority have suffered alteration in bypassage.<\/p>\n\n                    <a class=\"service-read-more\" href=\"https:\/\/aykacevre.com\/index.php\/one-click-demo-import-log_file_2019-10-16__08-50-51\/\">Read More<\/a>\n                <\/div>\n            <\/div>\n        <\/div>\n        \n        <style>\n            #service-box-436 .service-box-content,\n            #service-box-436.service-box-style-1 .service-box-icon,\n            #service-box-436 .service-box-content a h4{\n                color: #242424;\n            }\n            #service-box-436 .service-read-more,\n            #service-box-436 .service-read-more:before,\n            #service-box-436 .service-read-more:hover,\n            #service-box-436.single-service-box:hover a h4{\n                color: #0a6db7;\n            }\n            \n            #service-box-436.service-box-style-2:hover .service-box-icon{\n                background: #0a6db7;\n                border-color: #0a6db7;\n            }\n        <\/style>\n    \n        <div id=\"service-box-646\" class=\"single-service-box service-box-style-2 \">\n            <div class=\"service-content-wrapper\">\n                <div class=\"service-box-icon flaticon\"><i class=\"flaticon-xzopro-thinking\"><\/i>\n                <\/div>\n                <div class=\"service-box-content\">\n                    <a href=\"https:\/\/aykacevre.com\/index.php\/about-us-2\/\"><h4>Talented consultants<\/h4><\/a>\n                    <p>There are many variations of passages of that Lorem Ipsum available but the majority have suffered alteration in bypassage.<\/p>\n\n                    <a class=\"service-read-more\" href=\"https:\/\/aykacevre.com\/index.php\/about-us-2\/\">Read More<\/a>\n                <\/div>\n            <\/div>\n        <\/div>\n        \n        <style>\n            #service-box-646 .service-box-content,\n            #service-box-646.service-box-style-1 .service-box-icon,\n            #service-box-646 .service-box-content a h4{\n                color: #242424;\n            }\n            #service-box-646 .service-read-more,\n            #service-box-646 .service-read-more:before,\n            #service-box-646 .service-read-more:hover,\n            #service-box-646.single-service-box:hover a h4{\n                color: #0a6db7;\n            }\n            \n            #service-box-646.service-box-style-2:hover .service-box-icon{\n                background: #0a6db7;\n                border-color: #0a6db7;\n            }\n        <\/style>\n    [\/vc_column][vc_column width=&#8221;1\/3&#8243;]\n        <div id=\"service-box-197\" class=\"single-service-box service-box-style-2 \">\n            <div class=\"service-content-wrapper\">\n                <div class=\"service-box-icon flaticon\"><i class=\"flaticon-xzopro-science\"><\/i>\n                <\/div>\n                <div class=\"service-box-content\">\n                    <a href=\"https:\/\/aykacevre.com\/index.php\/services\/market-analysis\/\"><h4>Market Analysis<\/h4><\/a>\n                    <p>There are many variations of passages of that Lorem Ipsum available but the majority have suffered alteration in bypassage.<\/p>\n\n                    <a class=\"service-read-more\" href=\"https:\/\/aykacevre.com\/index.php\/services\/market-analysis\/\">Read More<\/a>\n                <\/div>\n            <\/div>\n        <\/div>\n        \n        <style>\n            #service-box-197 .service-box-content,\n            #service-box-197.service-box-style-1 .service-box-icon,\n            #service-box-197 .service-box-content a h4{\n                color: #242424;\n            }\n            #service-box-197 .service-read-more,\n            #service-box-197 .service-read-more:before,\n            #service-box-197 .service-read-more:hover,\n            #service-box-197.single-service-box:hover a h4{\n                color: #0a6db7;\n            }\n            \n            #service-box-197.service-box-style-2:hover .service-box-icon{\n                background: #0a6db7;\n                border-color: #0a6db7;\n            }\n        <\/style>\n    \n        <div id=\"service-box-578\" class=\"single-service-box service-box-style-2 \">\n            <div class=\"service-content-wrapper\">\n                <div class=\"service-box-icon flaticon\"><i class=\"flaticon-xzopro-quality\"><\/i>\n                <\/div>\n                <div class=\"service-box-content\">\n                    <a href=\"https:\/\/aykacevre.com\/index.php\/man-2\/\"><h4>Quality Resourcing<\/h4><\/a>\n                    <p>There are many variations of passages of that Lorem Ipsum available but the majority have suffered alteration in bypassage.<\/p>\n\n                    <a class=\"service-read-more\" href=\"https:\/\/aykacevre.com\/index.php\/man-2\/\">Read More<\/a>\n                <\/div>\n            <\/div>\n        <\/div>\n        \n        <style>\n            #service-box-578 .service-box-content,\n            #service-box-578.service-box-style-1 .service-box-icon,\n            #service-box-578 .service-box-content a h4{\n                color: #242424;\n            }\n            #service-box-578 .service-read-more,\n            #service-box-578 .service-read-more:before,\n            #service-box-578 .service-read-more:hover,\n            #service-box-578.single-service-box:hover a h4{\n                color: #0a6db7;\n            }\n            \n            #service-box-578.service-box-style-2:hover .service-box-icon{\n                background: #0a6db7;\n                border-color: #0a6db7;\n            }\n        <\/style>\n    [\/vc_column][\/vc_row][vc_row full_width=&#8221;stretch_row_content&#8221; css=&#8221;.vc_custom_1534940350283{padding-top: 92px !important;padding-bottom: 100px !important;background-color: #f7f7f7 !important;}&#8221;][vc_column]\n        <div class=\"section-title-wrapper \" style=\"color: #505050\">\n            <div class=\"row text-center\">\n                <div class=\"col-xl-6 offset-xl-3 col-lg-8 offset-lg-2 col-md-10 offset-md-1\">  \n                    <h2 class=\"section-title\" style=\"color:#0a6db7\">Our Happy Customers<\/h2>\n                    <ul class=\"title-shape no-list-style text-center\">\n                        <li style=\"background: #0a6db7\"><\/li>\n                        <li style=\"background: #0a6db7\"><\/li>\n                        <li style=\"background: #0a6db7\"><\/li>\n                    <\/ul>\n                    <p>There are many variations of passages of Lorem Ipsum available, but the majority have suffered alteration in some form or randomised even slightly believable.<\/p>\n\n                <\/div>\n            <\/div>   \n        <\/div>\n    [vc_row_inner][vc_column_inner]\n    <script>\n        jQuery(window).load(function(){\n            jQuery(\"#xzopro-testimonial\").owlCarousel({\n                items:3,\n                smartSpeed:1000,        \n                loop: true,\n                autoplay: true,\n                autoplayTimeout: 4000,\n                margin: 30,\n                nav: true,\n                dots: false,\n                navText: [\"<i class='fa fa-angle-left'><\/i>\", \"<i class='fa fa-angle-right'><\/i>\"],\n                responsive : {\n                    \n                    0 : {\n                        items:1\n                    },\n                    768 : {\n                        items:2\n                    },\n                    992 : {\n                        items:3,\n                    }\n                }\n            });    \n        });\n    <\/script>\n    \n    <div class=\"testimonial-main-wrap \">\n        <div class=\"container\">\n            <div class=\"row\">\n                <div class=\"col-lg-12\">\n                    <div id=\"xzopro-testimonial\" class=\"testimonial-wrapper owl-carousel\">\n                        <div class=\"single-testimonial\">\n                            <div class=\"testimonial-quote\">\n                                <i class=\"fa fa-quote-right\" aria-hidden=\"true\"><\/i>\n                            <\/div>\n                           \n                            <div class=\"testimonial-content\">        \n                                <p>Kat\u0131 at\u0131k temizli\u011finde g\u00f6ndermi\u015f oldu\u011funuz \u00f6zen ve \u00f6zveriden \u00f6t\u00fcr\u00fc te\u015fekk\u00fcrler.<\/p>\n<p>H. D\u00fczen<\/p>\n\n                            <\/div>   \n                            \n                            <div class=\"author-details\">\n                                <div class=\"author-image\" style=\"background-image: url(https:\/\/aykacevre.com\/wp-content\/uploads\/2018\/10\/p1-150x150.jpg)\"><\/div>\n                                <h4>Define Denizcilik<\/h4>\n                                 <p class=\"author-position\">Ceo Of Idea Company<\/p>\n                            <\/div>          \n                        <\/div>\n                        <div class=\"single-testimonial\">\n                            <div class=\"testimonial-quote\">\n                                <i class=\"fa fa-quote-right\" aria-hidden=\"true\"><\/i>\n                            <\/div>\n                           \n                            <div class=\"testimonial-content\">        \n                                <p>Tanker ve yak\u0131t deposu temizli\u011findeki dikkat ve \u00e7evreye g\u00f6sterdi\u011finiz \u00f6zen i\u00e7in te\u015fekk\u00fcrler.<\/p>\n<p>N. Kaz\u0131mova<\/p>\n\n                            <\/div>   \n                            \n                            <div class=\"author-details\">\n                                <div class=\"author-image\" style=\"background-image: url(https:\/\/aykacevre.com\/wp-content\/uploads\/2018\/07\/p2-150x150.jpg)\"><\/div>\n                                <h4>Karine Gemicilik<\/h4>\n                                 <p class=\"author-position\">Ceo ThemeDraft<\/p>\n                            <\/div>          \n                        <\/div>\n                        <div class=\"single-testimonial\">\n                            <div class=\"testimonial-quote\">\n                                <i class=\"fa fa-quote-right\" aria-hidden=\"true\"><\/i>\n                            <\/div>\n                           \n                            <div class=\"testimonial-content\">        \n                                <p>Kaza sonras\u0131 kimyasal s\u0131z\u0131nt\u0131n\u0131n engellenmesi ve temizlenmesinde g\u00f6stermi\u015f oldu\u011funuz s\u00fcratli ve tedbirli hizmetlerden dolay\u0131 \u00e7ok te\u015fekk\u00fcrler.<\/p>\n<p>B. N. Kalender<\/p>\n\n                            <\/div>   \n                            \n                            <div class=\"author-details\">\n                                <div class=\"author-image\" style=\"background-image: url(https:\/\/aykacevre.com\/wp-content\/uploads\/2018\/07\/p3-150x150.jpg)\"><\/div>\n                                <h4>Berra Denizcilik<\/h4>\n                                 <p class=\"author-position\">Ceo Of Idea Company<\/p>\n                            <\/div>          \n                        <\/div><\/div><\/div><\/div><\/div><\/div>[\/vc_column_inner][\/vc_row_inner][\/vc_column][\/vc_row][vc_row css=&#8221;.vc_custom_1529464766880{padding-top: 92px !important;padding-bottom: 70px !important;}&#8221;][vc_column]\n        <div class=\"section-title-wrapper \" style=\"color: #505050\">\n            <div class=\"row text-center\">\n                <div class=\"col-xl-6 offset-xl-3 col-lg-8 offset-lg-2 col-md-10 offset-md-1\">  \n                    <h2 class=\"section-title\" style=\"color:#0a6db7\">Pricing Table<\/h2>\n                    <ul class=\"title-shape no-list-style text-center\">\n                        <li style=\"background: #0a6db7\"><\/li>\n                        <li style=\"background: #0a6db7\"><\/li>\n                        <li style=\"background: #0a6db7\"><\/li>\n                    <\/ul>\n                    <p>There are many variations of passages of Lorem Ipsum available but the majority have suffered alteration in some form or randomised even slightly believable.<\/p>\n\n                <\/div>\n            <\/div>   \n        <\/div>\n    [vc_row_inner][vc_column_inner width=&#8221;1\/3&#8243;]\n        <div class=\"pricing-table-wrapper \">\n            <div class=\"single-pricing-table\">\n            \n                <i class=\"flaticon-xzopro-folder\"><\/i>\n                <h2>Basic Plan<\/h2>\n                \n                <ul class=\"no-list-style\"><li>1 Website Design<\/li><li>30,000 Monthly Visits<\/li><li>Unlimited Dta Transfer<\/li><li>5GB Data Storage<\/li><li>Email Support<\/li>\n                <\/ul>\n                \n                <div class=\"price\"><span class=\"price-unit\">$<\/span>39.00<\/div>\n                \n                <a href=\"#\" class=\"xzopro-btn fill-btn pricing-btn\">Buy Now<\/a>\n            <\/div>  \n        <\/div>\n    [\/vc_column_inner][vc_column_inner width=&#8221;1\/3&#8243;]\n        <div class=\"pricing-table-wrapper \">\n            <div class=\"single-pricing-table\"><div class=\"table-tag\">Popular<\/div>\n            \n                <i class=\"flaticon-xzopro-tool\"><\/i>\n                <h2>Professional<\/h2>\n                \n                <ul class=\"no-list-style\"><li>1 Website Design<\/li><li>30,000 Monthly Visits<\/li><li>Unlimited Dta Transfer<\/li><li>5GB Data Storage<\/li><li>Email Support<\/li>\n                <\/ul>\n                \n                <div class=\"price\"><span class=\"price-unit\">$<\/span>49.99<\/div>\n                \n                <a href=\"#\" class=\"xzopro-btn fill-btn pricing-btn\">Buy Now<\/a>\n            <\/div>  \n        <\/div>\n    [\/vc_column_inner][vc_column_inner width=&#8221;1\/3&#8243;]\n        <div class=\"pricing-table-wrapper \">\n            <div class=\"single-pricing-table\">\n            \n                <i class=\"flaticon-xzopro-file\"><\/i>\n                <h2>Stander<\/h2>\n                \n                <ul class=\"no-list-style\"><li>1 Website Design<\/li><li>30,000 Monthly Visits<\/li><li>Unlimited Dta Transfer<\/li><li>5GB Data Storage<\/li><li>Email Support<\/li>\n                <\/ul>\n                \n                <div class=\"price\"><span class=\"price-unit\">$<\/span>79.99<\/div>\n                \n                <a href=\"#\" class=\"xzopro-btn fill-btn pricing-btn\">Buy Now<\/a>\n            <\/div>  \n        <\/div>\n    [\/vc_column_inner][\/vc_row_inner][\/vc_column][\/vc_row][vc_row full_width=&#8221;stretch_row&#8221; css=&#8221;.vc_custom_1534764646321{padding-top: 40px !important;padding-bottom: 30px !important;background-color: #f4f4f4 !important;}&#8221;][vc_column]\n\t\t<script>\n\t\t\tjQuery(window).load(function(){\n\t\t\t\tjQuery(\"#xzopro-client-89006146\").owlCarousel({\n\t\t\t\t\tloop:true,\n\t\t\t\t    nav:false,\n\t\t\t\t    smartSpeed:1000,\n\t\t\t\t    margin: 30,\t\t    \n\t\t\t\t    dots: false,\n\t\t\t\t    autoplay:true,\n\t\t\t\t    autoplayTimeout: 3000,\n\t\t\t\t    responsive:{\n\t\t\t\t    \t0:{\n\t\t\t\t    \t\titems: 2\n\t\t\t\t    \t},\n\t\t\t\t    \t480:{\n\t\t\t\t    \t\titems: 3\n\t\t\t\t    \t},\n\t\t\t\t    \t768:{\n\t\t\t\t    \t\titems: 4\n\t\t\t\t    \t},\n\t\t\t\t    \t992:{\n\t\t\t\t    \t\titems: 5\n\t\t\t\t    \t}\n\t\t\t\t    }\n\t\t\t\t});\n\t\t\t});\n\t\t<\/script>\n\n\t\t<div id=\"xzopro-client-89006146\" class=\"xzopro-client owl-carousel \">\n\t\n\t\t\t<div class=\"single-logo-box\" style=\"height:100px\">\n\t\t\t\t<div class=\"single-brand-logo\">\n\t\t\t\t\t<img decoding=\"async\" src=\"https:\/\/aykacevre.com\/wp-content\/uploads\/2018\/08\/codecanyon.png\" alt=\"\">\n\t\t\t\t<\/div>\n\t\t\t<\/div>\n\t\t\n\t\t\t<div class=\"single-logo-box\" style=\"height:100px\">\n\t\t\t\t<div class=\"single-brand-logo\">\n\t\t\t\t\t<img decoding=\"async\" src=\"https:\/\/aykacevre.com\/wp-content\/uploads\/2018\/08\/graphicriver.png\" alt=\"\">\n\t\t\t\t<\/div>\n\t\t\t<\/div>\n\t\t\n\t\t\t<div class=\"single-logo-box\" style=\"height:100px\">\n\t\t\t\t<div class=\"single-brand-logo\">\n\t\t\t\t\t<img decoding=\"async\" src=\"\" alt=\"\">\n\t\t\t\t<\/div>\n\t\t\t<\/div>\n\t\t\n\t\t\t<div class=\"single-logo-box\" style=\"height:100px\">\n\t\t\t\t<div class=\"single-brand-logo\">\n\t\t\t\t\t<img decoding=\"async\" src=\"\" alt=\"\">\n\t\t\t\t<\/div>\n\t\t\t<\/div>\n\t\t\n\t\t\t<div class=\"single-logo-box\" style=\"height:100px\">\n\t\t\t\t<div class=\"single-brand-logo\">\n\t\t\t\t\t<img decoding=\"async\" src=\"https:\/\/aykacevre.com\/wp-content\/uploads\/2018\/08\/audiojungle.png\" alt=\"\">\n\t\t\t\t<\/div>\n\t\t\t<\/div>\n\t\t\n\t\t\t<div class=\"single-logo-box\" style=\"height:100px\">\n\t\t\t\t<div class=\"single-brand-logo\">\n\t\t\t\t\t<img decoding=\"async\" src=\"\" alt=\"\">\n\t\t\t\t<\/div>\n\t\t\t<\/div>\n\t\t\n\t\t\t<div class=\"single-logo-box\" style=\"height:100px\">\n\t\t\t\t<div class=\"single-brand-logo\">\n\t\t\t\t\t<img decoding=\"async\" src=\"https:\/\/aykacevre.com\/wp-content\/uploads\/2018\/08\/3docean.png\" alt=\"\">\n\t\t\t\t<\/div>\n\t\t\t<\/div>\n\t\t\n\t\t<\/div>\n    [\/vc_column][\/vc_row]<\/p>\n","protected":false},"excerpt":{"rendered":"<p>[vc_row css=&#8221;.vc_custom_1534764583084{padding-top: 86px !important;padding-bottom: 70px !important;background-position: center !important;background-repeat: no-repeat !important;background-size: cover !important;}&#8221;][vc_column width=&#8221;1\/3&#8243;][\/vc_column][vc_column width=&#8221;1\/3&#8243;][\/vc_column][vc_column width=&#8221;1\/3&#8243;][\/vc_column][\/vc_row][vc_row full_width=&#8221;stretch_row_content&#8221; css=&#8221;.vc_custom_1534940350283{padding-top: 92px !important;padding-bottom: 100px !important;background-color: #f7f7f7 !important;}&#8221;][vc_column][vc_row_inner][vc_column_inner][\/vc_column_inner][\/vc_row_inner][\/vc_column][\/vc_row][vc_row css=&#8221;.vc_custom_1529464766880{padding-top: 92px !important;padding-bottom: 70px !important;}&#8221;][vc_column][vc_row_inner][vc_column_inner width=&#8221;1\/3&#8243;][\/vc_column_inner][vc_column_inner width=&#8221;1\/3&#8243;][\/vc_column_inner][vc_column_inner width=&#8221;1\/3&#8243;][\/vc_column_inner][\/vc_row_inner][\/vc_column][\/vc_row][vc_row full_width=&#8221;stretch_row&#8221; css=&#8221;.vc_custom_1534764646321{padding-top: 40px !important;padding-bottom: 30px !important;background-color: #f4f4f4 !important;}&#8221;][vc_column][\/vc_column][\/vc_row]<\/p>\n","protected":false},"author":1,"featured_media":0,"parent":0,"menu_order":0,"comment_status":"closed","ping_status":"closed","template":"","meta":{"footnotes":""},"class_list":["post-2166","page","type-page","status-publish","hentry"],"_links":{"self":[{"href":"https:\/\/aykacevre.com\/index.php\/wp-json\/wp\/v2\/pages\/2166","targetHints":{"allow":["GET"]}}],"collection":[{"href":"https:\/\/aykacevre.com\/index.php\/wp-json\/wp\/v2\/pages"}],"about":[{"href":"https:\/\/aykacevre.com\/index.php\/wp-json\/wp\/v2\/types\/page"}],"author":[{"embeddable":true,"href":"https:\/\/aykacevre.com\/index.php\/wp-json\/wp\/v2\/users\/1"}],"replies":[{"embeddable":true,"href":"https:\/\/aykacevre.com\/index.php\/wp-json\/wp\/v2\/comments?post=2166"}],"version-history":[{"count":0,"href":"https:\/\/aykacevre.com\/index.php\/wp-json\/wp\/v2\/pages\/2166\/revisions"}],"wp:attachment":[{"href":"https:\/\/aykacevre.com\/index.php\/wp-json\/wp\/v2\/media?parent=2166"}],"curies":[{"name":"wp","href":"https:\/\/api.w.org\/{rel}","templated":true}]}}