{"id":2164,"date":"2018-07-08T03:10:34","date_gmt":"2018-07-08T03:10:34","guid":{"rendered":"http:\/\/tf.themedraft.com\/wp\/xzopro\/?page_id=8"},"modified":"2021-04-21T21:40:30","modified_gmt":"2021-04-21T21:40:30","slug":"home","status":"publish","type":"page","link":"https:\/\/aykacevre.com\/","title":{"rendered":"Home"},"content":{"rendered":"<p>[vc_row][vc_column][vc_tta_pageable][vc_tta_section title=&#8221;Section 1&#8243; tab_id=&#8221;1619040113743-bfb095d3-7511&#8243;][\/vc_tta_section][vc_tta_section title=&#8221;Section 2&#8243; tab_id=&#8221;1619040113789-e063343f-5cad&#8221;][\/vc_tta_section][\/vc_tta_pageable][vc_separator][vc_masonry_media_grid element_width=&#8221;2&#8243; gap=&#8221;35&#8243; grid_id=&#8221;vc_gid:1619041082729-1e70dfbf-1c90-1&#8243; include=&#8221;2248,2249,2250,2251,2252,2253&#8243;]\n        <div class=\"section-title-wrapper vc_custom_1571482446222\" style=\"color: #696969\">\n            <div class=\"row text-center\">\n                <div class=\"col-xl-6 offset-xl-3 col-lg-8 offset-lg-2 col-md-10 offset-md-1\">  \n                    <h2 class=\"section-title\" style=\"color:#0a6db7\">H\u0130ZMETLER\u0130M\u0130Z<\/h2>\n                    <ul class=\"title-shape no-list-style text-center\">\n                        <li style=\"background: #0a6db7\"><\/li>\n                        <li style=\"background: #0a6db7\"><\/li>\n                        <li style=\"background: #0a6db7\"><\/li>\n                    <\/ul>\n                    <p>En iyi \u00e7\u00f6z\u00fcmleri, h\u0131zl\u0131 ve eksiksiz olarak sunmaktan gurur duyuyoruz.<\/p>\n\n                <\/div>\n            <\/div>   \n        <\/div>\n    [vc_row_inner css=&#8221;.vc_custom_1531664955647{padding-bottom: 35px !important;}&#8221;][vc_column_inner width=&#8221;1\/2&#8243;]\n        <div id=\"service-box-595\" class=\"single-service-box service-box-style-2 \">\n            <div class=\"service-content-wrapper\">\n                <div class=\"service-box-icon flaticon\"><i class=\"flaticon-xzopro-science\"><\/i>\n                <\/div>\n                <div class=\"service-box-content\">\n                    <a href=\"https:\/\/aykacevre.com\/index.php\/entegre-atik-yonetimi\/\"><h4>ENTEGRE ATIK Y\u00d6NET\u0130M\u0130<\/h4><\/a>\n                    <p>Tehlikeli At\u0131k Toplama, Tehlikesiz At\u0131k Toplama , At\u0131k Ara Depolama, Ambalaj At\u0131klar\u0131 Toplama , At\u0131k Madeni Ya\u011f Toplama , Bitkisel At\u0131k Ya\u011f Toplama, At\u0131k Bertaraf\u0131, At\u0131k Lojisti\u011fi, Asbest S\u00f6k\u00fcm Hizmetleri, Kirlenmi\u015f Alan Islah\u0131, Toprak Kirlili\u011fi Analizi, \u00c7evre Dan\u0131\u015fmanl\u0131k.<\/p>\n\n                    <a class=\"service-read-more\" href=\"https:\/\/aykacevre.com\/index.php\/entegre-atik-yonetimi\/\">Detayl\u0131 Bilgi<\/a>\n                <\/div>\n            <\/div>\n        <\/div>\n        \n        <style>\n            #service-box-595 .service-box-content,\n            #service-box-595.service-box-style-1 .service-box-icon,\n            #service-box-595 .service-box-content a h4{\n                color: #242424;\n            }\n            #service-box-595 .service-read-more,\n            #service-box-595 .service-read-more:before,\n            #service-box-595 .service-read-more:hover,\n            #service-box-595.single-service-box:hover a h4{\n                color: #0a6db7;\n            }\n            \n            #service-box-595.service-box-style-2:hover .service-box-icon{\n                background: #0a6db7;\n                border-color: #0a6db7;\n            }\n        <\/style>\n    \n        <div id=\"service-box-568\" class=\"single-service-box service-box-style-2 \">\n            <div class=\"service-content-wrapper\">\n                <div class=\"service-box-icon flaticon\"><i class=\"flaticon-finance-rich\"><\/i>\n                <\/div>\n                <div class=\"service-box-content\">\n                    <a href=\"https:\/\/aykacevre.com\/index.php\/ozel-atik-imhasi\/\"><h4>\u00d6ZEL ATIK \u0130MHASI<\/h4><\/a>\n                    <p>G\u00fcmr\u00fck Tasfiyelik E\u015fya Bertaraf, G\u0131da At\u0131klar\u0131 Bertaraf, \u0130\u00e7ki ve Sigara Bertaraf\u0131, Resmi Ar\u015fiv Bertaraf\u0131, R\u00f6ntgen Ar\u015fiv Bertaraf\u0131, Hastane Tehlikeli At\u0131klar\u0131.<\/p>\n\n                    <a class=\"service-read-more\" href=\"https:\/\/aykacevre.com\/index.php\/ozel-atik-imhasi\/\">Detayl\u0131 Bilgi<\/a>\n                <\/div>\n            <\/div>\n        <\/div>\n        \n        <style>\n            #service-box-568 .service-box-content,\n            #service-box-568.service-box-style-1 .service-box-icon,\n            #service-box-568 .service-box-content a h4{\n                color: #242424;\n            }\n            #service-box-568 .service-read-more,\n            #service-box-568 .service-read-more:before,\n            #service-box-568 .service-read-more:hover,\n            #service-box-568.single-service-box:hover a h4{\n                color: #0a6db7;\n            }\n            \n            #service-box-568.service-box-style-2:hover .service-box-icon{\n                background: #0a6db7;\n                border-color: #0a6db7;\n            }\n        <\/style>\n    [\/vc_column_inner][vc_column_inner width=&#8221;1\/2&#8243;]\n        <div id=\"service-box-970\" class=\"single-service-box service-box-style-2 \">\n            <div class=\"service-content-wrapper\">\n                <div class=\"service-box-icon flaticon\"><i class=\"flaticon-new-contract\"><\/i>\n                <\/div>\n                <div class=\"service-box-content\">\n                    <a href=\"https:\/\/aykacevre.com\/index.php\/deniz-cevre-yonetimi\/\"><h4>DEN\u0130Z \u00c7EVRE Y\u00d6NET\u0130M\u0130<\/h4><\/a>\n                    <p>K\u0131y\u0131 Tesisleri \u00c7evre Hizmeti, Liman At\u0131k Y\u00f6netimi, Tersane At\u0131k Y\u00f6netimi, Gemi S\u00f6k\u00fcm At\u0131k Y\u00f6netimi,Petrol \u015eamandra Tesisleri A.Y. Bal\u0131k \u00c7iftklikleri At\u0131k Hizmeti, Gemi At\u0131klar\u0131, Toplama, Liman Y\u00fck Art\u0131klar\u0131 Toplama, Liman At\u0131k Kabul Tesisi Proje, Liman At\u0131k Kabul Tesisi Yap\u0131m\u0131, Liman At\u0131k Kabul Tesisi \u0130\u015fletme, At\u0131k Toplama Gemisi Kiralama, S\u00fcp\u00fcrge Gemisi Kiralama, Gemi At\u0131klar\u0131 Nakliye Bertaraf<\/p>\n\n                    <a class=\"service-read-more\" href=\"https:\/\/aykacevre.com\/index.php\/deniz-cevre-yonetimi\/\">Detayl\u0131 Bilgi<\/a>\n                <\/div>\n            <\/div>\n        <\/div>\n        \n        <style>\n            #service-box-970 .service-box-content,\n            #service-box-970.service-box-style-1 .service-box-icon,\n            #service-box-970 .service-box-content a h4{\n                color: #242424;\n            }\n            #service-box-970 .service-read-more,\n            #service-box-970 .service-read-more:before,\n            #service-box-970 .service-read-more:hover,\n            #service-box-970.single-service-box:hover a h4{\n                color: #0a6db7;\n            }\n            \n            #service-box-970.service-box-style-2:hover .service-box-icon{\n                background: #0a6db7;\n                border-color: #0a6db7;\n            }\n        <\/style>\n    \n        <div id=\"service-box-862\" class=\"single-service-box service-box-style-2 \">\n            <div class=\"service-content-wrapper\">\n                <div class=\"service-box-icon flaticon\"><i class=\"flaticon-xzopro-thinking\"><\/i>\n                <\/div>\n                <div class=\"service-box-content\">\n                    <a href=\"https:\/\/aykacevre.com\/index.php\/cevre-koruma-ekipmanlari\/\"><h4>\u00c7EVRE KORUMA EK\u0130PMANLARI<\/h4><\/a>\n                    <p>Toz Bast\u0131rma Cihazlar\u0131, Koku Bast\u0131rma Cihazlar\u0131 , \u00c7evre Gemileri, At\u0131k Toplama Gemisi Yap\u0131m\u0131, S\u00fcp\u00fcrge Gemisi Yap\u0131m\u0131, Shredder yap\u0131m\u0131<\/p>\n\n                    <a class=\"service-read-more\" href=\"https:\/\/aykacevre.com\/index.php\/cevre-koruma-ekipmanlari\/\">Detayl\u0131 Bilgi<\/a>\n                <\/div>\n            <\/div>\n        <\/div>\n        \n        <style>\n            #service-box-862 .service-box-content,\n            #service-box-862.service-box-style-1 .service-box-icon,\n            #service-box-862 .service-box-content a h4{\n                color: #242424;\n            }\n            #service-box-862 .service-read-more,\n            #service-box-862 .service-read-more:before,\n            #service-box-862 .service-read-more:hover,\n            #service-box-862.single-service-box:hover a h4{\n                color: #0a6db7;\n            }\n            \n            #service-box-862.service-box-style-2:hover .service-box-icon{\n                background: #0a6db7;\n                border-color: #0a6db7;\n            }\n        <\/style>\n    [\/vc_column_inner][\/vc_row_inner]\n        <div class=\"section-title-wrapper \" style=\"color: #505050\">\n            <div class=\"row text-center\">\n                <div class=\"col-xl-6 offset-xl-3 col-lg-8 offset-lg-2 col-md-10 offset-md-1\">  \n                    <h2 class=\"section-title\" style=\"color:#0a6db7\">Neden Biz ?<\/h2>\n                    <ul class=\"title-shape no-list-style text-center\">\n                        <li style=\"background: #0a6db7\"><\/li>\n                        <li style=\"background: #0a6db7\"><\/li>\n                        <li style=\"background: #0a6db7\"><\/li>\n                    <\/ul>\n                    <p>Bizim servis ve dan\u0131\u015fmanl\u0131\u011f\u0131m\u0131z\u0131 se\u00e7menizin bir \u00e7ok nedeni olabilir !<\/p>\n\n                <\/div>\n            <\/div>   \n        <\/div>\n    [vc_row_inner el_class=&#8221;why-choose-us section-right-bg&#8221; css=&#8221;.vc_custom_1558083527240{margin-top: 80px !important;padding-bottom: 53px !important;background-image: url(http:\/\/tf.themedraft.com\/wp\/xzopro\/wp-content\/uploads\/2019\/05\/section-right-img-1-1.png?id=2147) !important;}&#8221;][vc_column_inner width=&#8221;1\/2&#8243;]\n        <div class=\"single-choose-us-box \">\n            <div class=\"choose_us-content-wrapper\">\n                <div class=\"choose-us-box-icon\">\n                    <i class=\"flaticon-xzopro-transport\"><\/i>\n                <\/div>\n                <div class=\"choose_us-box-content\">\n                    <h4>Yetkin Bir Ekip<\/h4>\n                    <p>\u0130\u015finde uzman , t\u00fcm teknik ve teorik bilgiye hakim bir ekip ile \u00e7al\u0131\u015fmaktay\u0131z.<\/p>\n\n                <\/div>\n            <\/div>\n        <\/div>\n    \n        <div class=\"single-choose-us-box \">\n            <div class=\"choose_us-content-wrapper\">\n                <div class=\"choose-us-box-icon\">\n                    <i class=\"flaticon-xzopro-analytics\"><\/i>\n                <\/div>\n                <div class=\"choose_us-box-content\">\n                    <h4>\u00c7\u00f6z\u00fcm Odakl\u0131 \u00c7al\u0131\u015fma<\/h4>\n                    <p>There are many variations of passages of Lorem Ipsum available but the majority have and is suffered alteration in some form by injected humour words which don't look even slightly .<\/p>\n\n                <\/div>\n            <\/div>\n        <\/div>\n    \n        <div class=\"single-choose-us-box \">\n            <div class=\"choose_us-content-wrapper\">\n                <div class=\"choose-us-box-icon\">\n                    <i class=\"flaticon-xzopro-process\"><\/i>\n                <\/div>\n                <div class=\"choose_us-box-content\">\n                    <h4>Y\u00fcksek M\u00fc\u015fteri Memnuniyeti<\/h4>\n                    <p>Daha \u00f6nceki t\u00fcm projelerimizde m\u00fc\u015fterilerimizden hep olumlu d\u00f6n\u00fc\u015fler ald\u0131k. \u0130\u015flerimizi temiz ve zaman\u0131nda bitirdik.<\/p>\n\n                <\/div>\n            <\/div>\n        <\/div>\n    \n        <div class=\"single-choose-us-box \">\n            <div class=\"choose_us-content-wrapper\">\n                <div class=\"choose-us-box-icon\">\n                    <i class=\"flaticon-xzopro-help\"><\/i>\n                <\/div>\n                <div class=\"choose_us-box-content\">\n                    <h4>24X7 Servis ve Destek<\/h4>\n                    <p>Personellerimiz istedi\u011finiz an hizmet verebilecek \u015fekilde haz\u0131rd\u0131r.<\/p>\n\n                <\/div>\n            <\/div>\n        <\/div>\n    [\/vc_column_inner][vc_column_inner width=&#8221;1\/2&#8243;]<div role=\"form\" class=\"wpcf7\" id=\"wpcf7-f170-o1\" lang=\"en-US\" dir=\"ltr\">\n<div class=\"screen-reader-response\" aria-live=\"polite\"><\/div>\n<form action=\"\/index.php\/wp-json\/wp\/v2\/pages\/2164#wpcf7-f170-o1\" method=\"post\" class=\"wpcf7-form\" novalidate=\"novalidate\">\n<div style=\"display: none;\">\n<input type=\"hidden\" name=\"_wpcf7\" value=\"170\" \/>\n<input type=\"hidden\" name=\"_wpcf7_version\" value=\"5.1.9\" \/>\n<input type=\"hidden\" name=\"_wpcf7_locale\" value=\"en_US\" \/>\n<input type=\"hidden\" name=\"_wpcf7_unit_tag\" value=\"wpcf7-f170-o1\" \/>\n<input type=\"hidden\" name=\"_wpcf7_container_post\" value=\"0\" \/>\n<\/div>\n<div class=\"xzopro-contact-form-1\">\n<div class=\"row\">\n<div class=\"col-lg-6\">\n            <span class=\"wpcf7-form-control-wrap sendername\"><input type=\"text\" name=\"sendername\" value=\"\" size=\"40\" class=\"wpcf7-form-control wpcf7-text wpcf7-validates-as-required\" aria-required=\"true\" aria-invalid=\"false\" placeholder=\"Ad Soyad*\" \/><\/span>\n        <\/div>\n<div class=\"col-lg-6\">\n            <span class=\"wpcf7-form-control-wrap senderemail\"><input type=\"email\" name=\"senderemail\" value=\"\" size=\"40\" class=\"wpcf7-form-control wpcf7-text wpcf7-email wpcf7-validates-as-required wpcf7-validates-as-email\" aria-required=\"true\" aria-invalid=\"false\" placeholder=\"E-Posta*\" \/><\/span>\n        <\/div>\n<div class=\"col-lg-12\">\n            <span class=\"wpcf7-form-control-wrap sendermobile\"><input type=\"text\" name=\"sendermobile\" value=\"\" size=\"40\" class=\"wpcf7-form-control wpcf7-text\" aria-invalid=\"false\" placeholder=\"Telefon Numaras\u0131\" \/><\/span>\n        <\/div>\n<div class=\"col-lg-12\">\n            <span class=\"wpcf7-form-control-wrap sendermessage\"><textarea name=\"sendermessage\" cols=\"40\" rows=\"10\" class=\"wpcf7-form-control wpcf7-textarea wpcf7-validates-as-required\" aria-required=\"true\" aria-invalid=\"false\" placeholder=\"Mesaj*\"><\/textarea><\/span>\n        <\/div>\n<div class=\"col-lg-12\">\n            <input type=\"submit\" value=\"G\u00f6nder\" class=\"wpcf7-form-control wpcf7-submit\" \/>\n        <\/div><\/div>\n<\/div>\n<div class=\"wpcf7-response-output wpcf7-display-none\" aria-hidden=\"true\"><\/div><\/form><\/div>[\/vc_column_inner][\/vc_row_inner]\n    <script>\n        jQuery(window).load(function(){\n            jQuery(\"#xzopro-testimonial\").owlCarousel({\n                items:3,\n                smartSpeed:1000,        \n                loop: true,\n                autoplay: true,\n                autoplayTimeout: 4000,\n                margin: 30,\n                nav: false,\n                dots: false,\n                navText: [\"<i class='fa fa-angle-left'><\/i>\", \"<i class='fa fa-angle-right'><\/i>\"],\n                responsive : {\n                    \n                    0 : {\n                        items:1\n                    },\n                    768 : {\n                        items:2\n                    },\n                    992 : {\n                        items:3,\n                    }\n                }\n            });    \n        });\n    <\/script>\n    \n    <div class=\"testimonial-main-wrap \">\n        <div class=\"container\">\n            <div class=\"row\">\n                <div class=\"col-lg-12\">\n                    <div id=\"xzopro-testimonial\" class=\"testimonial-wrapper owl-carousel\">\n                        <div class=\"single-testimonial\">\n                            <div class=\"testimonial-quote\">\n                                <i class=\"fa fa-quote-right\" aria-hidden=\"true\"><\/i>\n                            <\/div>\n                           \n                            <div class=\"testimonial-content\">        \n                                <p>Kat\u0131 at\u0131k temizli\u011finde g\u00f6ndermi\u015f oldu\u011funuz \u00f6zen ve \u00f6zveriden \u00f6t\u00fcr\u00fc te\u015fekk\u00fcrler.<\/p>\n<p>H. D\u00fczen<\/p>\n\n                            <\/div>   \n                            \n                            <div class=\"author-details\">\n                                <div class=\"author-image\" style=\"background-image: url(https:\/\/aykacevre.com\/wp-content\/uploads\/2018\/10\/p1-150x150.jpg)\"><\/div>\n                                <h4>Define Denizcilik<\/h4>\n                                 <p class=\"author-position\">Ceo Of Idea Company<\/p>\n                            <\/div>          \n                        <\/div>\n                        <div class=\"single-testimonial\">\n                            <div class=\"testimonial-quote\">\n                                <i class=\"fa fa-quote-right\" aria-hidden=\"true\"><\/i>\n                            <\/div>\n                           \n                            <div class=\"testimonial-content\">        \n                                <p>Tanker ve yak\u0131t deposu temizli\u011findeki dikkat ve \u00e7evreye g\u00f6sterdi\u011finiz \u00f6zen i\u00e7in te\u015fekk\u00fcrler.<\/p>\n<p>N. Kaz\u0131mova<\/p>\n\n                            <\/div>   \n                            \n                            <div class=\"author-details\">\n                                <div class=\"author-image\" style=\"background-image: url(https:\/\/aykacevre.com\/wp-content\/uploads\/2018\/07\/p2-150x150.jpg)\"><\/div>\n                                <h4>Karine Gemicilik<\/h4>\n                                 <p class=\"author-position\">Ceo ThemeDraft<\/p>\n                            <\/div>          \n                        <\/div>\n                        <div class=\"single-testimonial\">\n                            <div class=\"testimonial-quote\">\n                                <i class=\"fa fa-quote-right\" aria-hidden=\"true\"><\/i>\n                            <\/div>\n                           \n                            <div class=\"testimonial-content\">        \n                                <p>Kaza sonras\u0131 kimyasal s\u0131z\u0131nt\u0131n\u0131n engellenmesi ve temizlenmesinde g\u00f6stermi\u015f oldu\u011funuz s\u00fcratli ve tedbirli hizmetlerden dolay\u0131 \u00e7ok te\u015fekk\u00fcrler.<\/p>\n<p>B. N. Kalender<\/p>\n\n                            <\/div>   \n                            \n                            <div class=\"author-details\">\n                                <div class=\"author-image\" style=\"background-image: url(https:\/\/aykacevre.com\/wp-content\/uploads\/2018\/07\/p3-150x150.jpg)\"><\/div>\n                                <h4>Berra Denizcilik<\/h4>\n                                 <p class=\"author-position\">Ceo Of Idea Company<\/p>\n                            <\/div>          \n                        <\/div><\/div><\/div><\/div><\/div><\/div>[\/vc_column][\/vc_row][vc_row full_width=&#8221;stretch_row&#8221;][vc_column][vc_gmaps link=&#8221;#E-8_JTNDaWZyYW1lJTIwc3JjJTNEJTIyaHR0cHMlM0ElMkYlMkZ3d3cuZ29vZ2xlLmNvbSUyRm1hcHMlMkZlbWJlZCUzRnBiJTNEJTIxMW0xOCUyMTFtMTIlMjExbTMlMjExZDc1Ni4yNDA4NDY3MzA3NjM4JTIxMmQyOS41MTAxNDM4MjkyNTU1MTUlMjEzZDQwLjY5NjgwMzk5ODcwODMzJTIxMm0zJTIxMWYwJTIxMmYwJTIxM2YwJTIxM20yJTIxMWkxMDI0JTIxMmk3NjglMjE0ZjEzLjElMjEzbTMlMjExbTIlMjExczB4MCUyNTNBMHgwJTIxMnpORERDc0RReEp6UTRMalVpVGlBeU9jS3dNekFuTXpndU5TSkYlMjE1ZTAlMjEzbTIlMjExc3RyJTIxMnN0ciUyMTR2MTU3MjI3Mjc3MTAzMSUyMTVtMiUyMTFzdHIlMjEyc3RyJTIyJTIwd2lkdGglM0QlMjIxOTAwJTIyJTIwaGVpZ2h0JTNEJTIyNDUwJTIyJTIwZnJhbWVib3JkZXIlM0QlMjIwJTIyJTIwc3R5bGUlM0QlMjJib3JkZXIlM0EwJTNCJTIyJTIwYWxsb3dmdWxsc2NyZWVuJTNEJTIyJTIyJTNFJTNDJTJGaWZyYW1lJTNF&#8221;][\/vc_column][\/vc_row]<\/p>\n","protected":false},"excerpt":{"rendered":"<p>[vc_row][vc_column][vc_tta_pageable][vc_tta_section title=&#8221;Section 1&#8243; tab_id=&#8221;1619040113743-bfb095d3-7511&#8243;][\/vc_tta_section][vc_tta_section title=&#8221;Section 2&#8243; tab_id=&#8221;1619040113789-e063343f-5cad&#8221;][\/vc_tta_section][\/vc_tta_pageable][vc_separator][vc_masonry_media_grid element_width=&#8221;2&#8243; gap=&#8221;35&#8243; grid_id=&#8221;vc_gid:1619041082729-1e70dfbf-1c90-1&#8243; include=&#8221;2248,2249,2250,2251,2252,2253&#8243;][vc_row_inner css=&#8221;.vc_custom_1531664955647{padding-bottom: 35px !important;}&#8221;][vc_column_inner width=&#8221;1\/2&#8243;][\/vc_column_inner][vc_column_inner width=&#8221;1\/2&#8243;][\/vc_column_inner][\/vc_row_inner][vc_row_inner el_class=&#8221;why-choose-us section-right-bg&#8221; css=&#8221;.vc_custom_1558083527240{margin-top: 80px !important;padding-bottom: 53px !important;background-image: url(http:\/\/tf.themedraft.com\/wp\/xzopro\/wp-content\/uploads\/2019\/05\/section-right-img-1-1.png?id=2147) !important;}&#8221;][vc_column_inner width=&#8221;1\/2&#8243;][\/vc_column_inner][vc_column_inner width=&#8221;1\/2&#8243;][\/vc_column_inner][\/vc_row_inner][\/vc_column][\/vc_row][vc_row full_width=&#8221;stretch_row&#8221;][vc_column][vc_gmaps link=&#8221;#E-8_JTNDaWZyYW1lJTIwc3JjJTNEJTIyaHR0cHMlM0ElMkYlMkZ3d3cuZ29vZ2xlLmNvbSUyRm1hcHMlMkZlbWJlZCUzRnBiJTNEJTIxMW0xOCUyMTFtMTIlMjExbTMlMjExZDc1Ni4yNDA4NDY3MzA3NjM4JTIxMmQyOS41MTAxNDM4MjkyNTU1MTUlMjEzZDQwLjY5NjgwMzk5ODcwODMzJTIxMm0zJTIxMWYwJTIxMmYwJTIxM2YwJTIxM20yJTIxMWkxMDI0JTIxMmk3NjglMjE0ZjEzLjElMjEzbTMlMjExbTIlMjExczB4MCUyNTNBMHgwJTIxMnpORERDc0RReEp6UTRMalVpVGlBeU9jS3dNekFuTXpndU5TSkYlMjE1ZTAlMjEzbTIlMjExc3RyJTIxMnN0ciUyMTR2MTU3MjI3Mjc3MTAzMSUyMTVtMiUyMTFzdHIlMjEyc3RyJTIyJTIwd2lkdGglM0QlMjIxOTAwJTIyJTIwaGVpZ2h0JTNEJTIyNDUwJTIyJTIwZnJhbWVib3JkZXIlM0QlMjIwJTIyJTIwc3R5bGUlM0QlMjJib3JkZXIlM0EwJTNCJTIyJTIwYWxsb3dmdWxsc2NyZWVuJTNEJTIyJTIyJTNFJTNDJTJGaWZyYW1lJTNF&#8221;][\/vc_column][\/vc_row]<\/p>\n","protected":false},"author":1,"featured_media":0,"parent":0,"menu_order":0,"comment_status":"closed","ping_status":"closed","template":"","meta":{"footnotes":""},"class_list":["post-2164","page","type-page","status-publish","hentry"],"_links":{"self":[{"href":"https:\/\/aykacevre.com\/index.php\/wp-json\/wp\/v2\/pages\/2164","targetHints":{"allow":["GET"]}}],"collection":[{"href":"https:\/\/aykacevre.com\/index.php\/wp-json\/wp\/v2\/pages"}],"about":[{"href":"https:\/\/aykacevre.com\/index.php\/wp-json\/wp\/v2\/types\/page"}],"author":[{"embeddable":true,"href":"https:\/\/aykacevre.com\/index.php\/wp-json\/wp\/v2\/users\/1"}],"replies":[{"embeddable":true,"href":"https:\/\/aykacevre.com\/index.php\/wp-json\/wp\/v2\/comments?post=2164"}],"version-history":[{"count":44,"href":"https:\/\/aykacevre.com\/index.php\/wp-json\/wp\/v2\/pages\/2164\/revisions"}],"predecessor-version":[{"id":2410,"href":"https:\/\/aykacevre.com\/index.php\/wp-json\/wp\/v2\/pages\/2164\/revisions\/2410"}],"wp:attachment":[{"href":"https:\/\/aykacevre.com\/index.php\/wp-json\/wp\/v2\/media?parent=2164"}],"curies":[{"name":"wp","href":"https:\/\/api.w.org\/{rel}","templated":true}]}}