{"id":133,"date":"2019-10-14T11:23:00","date_gmt":"2019-10-14T11:23:00","guid":{"rendered":"http:\/\/aykacevre.com\/?page_id=133"},"modified":"2019-10-14T11:36:37","modified_gmt":"2019-10-14T11:36:37","slug":"deneme","status":"publish","type":"page","link":"https:\/\/aykacevre.com\/index.php\/deneme\/","title":{"rendered":""},"content":{"rendered":"\n<div class=\"wp-block-nextend-smartslider3\"><\/div>\n\n\n\n<div class=\"wp-block-cover has-background-dim\" style=\"background-image:url(http:\/\/aykacevre.com\/wp-content\/uploads\/2019\/10\/u3_First-Grand-Alliance1800.jpg)\"><div class=\"wp-block-cover__inner-container is-layout-flow wp-block-cover-is-layout-flow\">\n<p style=\"text-align:center\" class=\"has-large-font-size\"><\/p>\n<\/div><\/div>\n\n\n    <div id=\"post-grid-lazy-120\" class=\"post-grid-lazy\"><img decoding=\"async\" src=\"\"\/><\/div>\r\n    <script>\r\n        jQuery('#post-grid-lazy-120').ready(function($){\r\n            jQuery('#post-grid-lazy-120').fadeOut();\r\n            jQuery('#post-grid-120').fadeIn();\r\n        })\r\n    <\/script>\r\n    <style type=\"text\/css\">\r\n        #post-grid-120{display: none;}\r\n        .post-grid-lazy{\r\n            text-align: center;\r\n        }\r\n    <\/style>\r\n        <div data-options='{\"id\":\"120\",\"lazy_load\":\"yes\",\"masonry_enable\":\"no\",\"view_type\":\"grid\"}' id=\"post-grid-120\" class=\"post-grid grid\">\r\n                <div class=\"grid-items\">\r\n            \r\n    <div class=\"item item-2345 skin flat even 0 \">\r\n                <div class=\"layer-wrapper layout-\">\r\n                <div class=\"layer-media\"><a class=\"custom\" href=\"https:\/\/aykacevre.com\/index.php\/2019\/10\/28\/kiralama-hizmeti\/\"><img decoding=\"async\" src=\"https:\/\/aykacevre.com\/wp-content\/plugins\/post-grid\/assets\/frontend\/images\/placeholder.png\" \/><\/a><\/div>\r\n        <div class=\"layer-content\">\r\n            <div class=\"element element_0  title_link \">\r\n                    <a target=\"\" href=\"https:\/\/aykacevre.com\/index.php\/2019\/10\/28\/kiralama-hizmeti\/\">K\u0130RALAMA H\u0130ZMET\u0130<\/a>\r\n            <\/div>\r\n        <div class=\"element element_1  excerpt \">\r\n        AYKA, \u00e7e\u015fitli denizcilik operasyonlar\u0131 i\u00e7in destek sa\u011flayabilecek olan kapsaml\u0131 bir gemi filosuna sahiptir ve i\u015fletmektedir. Gemilerimiz, k\u0131y\u0131ya uygun \u015fekilde nitelikli            <\/div>\r\n                <a class=\"element element_2  read_more \" target=\"\" href=\"https:\/\/aykacevre.com\/index.php\/2019\/10\/28\/kiralama-hizmeti\/\"><\/a>\r\n    \r\n        <\/div>\r\n            <\/div>\r\n    <\/div>\r\n    \r\n    <div class=\"item item-2326 skin flat odd 1 \">\r\n                <div class=\"layer-wrapper layout-\">\r\n                <div class=\"layer-media\"><a class=\"custom\" href=\"https:\/\/aykacevre.com\/index.php\/2019\/10\/28\/edustiriyel-teknik-servis\/\"><img decoding=\"async\" src=\"https:\/\/aykacevre.com\/wp-content\/plugins\/post-grid\/assets\/frontend\/images\/placeholder.png\" \/><\/a><\/div>\r\n        <div class=\"layer-content\">\r\n            <div class=\"element element_0  title_link \">\r\n                    <a target=\"\" href=\"https:\/\/aykacevre.com\/index.php\/2019\/10\/28\/edustiriyel-teknik-servis\/\">Ed\u00fcstiriyel Teknik Servis<\/a>\r\n            <\/div>\r\n        <div class=\"element element_1  excerpt \">\r\n        Haz\u0131rl\u0131k A\u015famas\u0131nda.            <\/div>\r\n                <a class=\"element element_2  read_more \" target=\"\" href=\"https:\/\/aykacevre.com\/index.php\/2019\/10\/28\/edustiriyel-teknik-servis\/\"><\/a>\r\n    \r\n        <\/div>\r\n            <\/div>\r\n    <\/div>\r\n    \r\n    <div class=\"item item-2324 skin flat even 2 \">\r\n                <div class=\"layer-wrapper layout-\">\r\n                <div class=\"layer-media\"><a class=\"custom\" href=\"https:\/\/aykacevre.com\/index.php\/2019\/10\/28\/endustriyel-cevre-hizmetleri\/\"><img decoding=\"async\" src=\"https:\/\/aykacevre.com\/wp-content\/plugins\/post-grid\/assets\/frontend\/images\/placeholder.png\" \/><\/a><\/div>\r\n        <div class=\"layer-content\">\r\n            <div class=\"element element_0  title_link \">\r\n                    <a target=\"\" href=\"https:\/\/aykacevre.com\/index.php\/2019\/10\/28\/endustriyel-cevre-hizmetleri\/\">End\u00fcstriyel \u00c7evre Hizmetleri<\/a>\r\n            <\/div>\r\n        <div class=\"element element_1  excerpt \">\r\n        Haz\u0131rl\u0131k A\u015famas\u0131nda.            <\/div>\r\n                <a class=\"element element_2  read_more \" target=\"\" href=\"https:\/\/aykacevre.com\/index.php\/2019\/10\/28\/endustriyel-cevre-hizmetleri\/\"><\/a>\r\n    \r\n        <\/div>\r\n            <\/div>\r\n    <\/div>\r\n    \r\n    <div class=\"item item-2322 skin flat odd 3 \">\r\n                <div class=\"layer-wrapper layout-\">\r\n                <div class=\"layer-media\"><a class=\"custom\" href=\"https:\/\/aykacevre.com\/index.php\/2019\/10\/28\/cevre-koruma-ekipman-uretimi\/\"><img decoding=\"async\" src=\"https:\/\/aykacevre.com\/wp-content\/plugins\/post-grid\/assets\/frontend\/images\/placeholder.png\" \/><\/a><\/div>\r\n        <div class=\"layer-content\">\r\n            <div class=\"element element_0  title_link \">\r\n                    <a target=\"\" href=\"https:\/\/aykacevre.com\/index.php\/2019\/10\/28\/cevre-koruma-ekipman-uretimi\/\">\u00c7evre Koruma Ekipman \u00dcretimi<\/a>\r\n            <\/div>\r\n        <div class=\"element element_1  excerpt \">\r\n        Haz\u0131rl\u0131k A\u015famas\u0131nda.            <\/div>\r\n                <a class=\"element element_2  read_more \" target=\"\" href=\"https:\/\/aykacevre.com\/index.php\/2019\/10\/28\/cevre-koruma-ekipman-uretimi\/\"><\/a>\r\n    \r\n        <\/div>\r\n            <\/div>\r\n    <\/div>\r\n    \r\n    <div class=\"item item-2320 skin flat even 4 \">\r\n                <div class=\"layer-wrapper layout-\">\r\n                <div class=\"layer-media\"><a class=\"custom\" href=\"https:\/\/aykacevre.com\/index.php\/2019\/10\/28\/deniz-kiyi-tesisleri-cevre-yonetimi\/\"><img decoding=\"async\" src=\"https:\/\/aykacevre.com\/wp-content\/plugins\/post-grid\/assets\/frontend\/images\/placeholder.png\" \/><\/a><\/div>\r\n        <div class=\"layer-content\">\r\n            <div class=\"element element_0  title_link \">\r\n                    <a target=\"\" href=\"https:\/\/aykacevre.com\/index.php\/2019\/10\/28\/deniz-kiyi-tesisleri-cevre-yonetimi\/\">Deniz K\u0131y\u0131 Tesisleri \u00c7evre Y\u00f6netimi<\/a>\r\n            <\/div>\r\n        <div class=\"element element_1  excerpt \">\r\n        Haz\u0131rl\u0131k a\u015famas\u0131nda.            <\/div>\r\n                <a class=\"element element_2  read_more \" target=\"\" href=\"https:\/\/aykacevre.com\/index.php\/2019\/10\/28\/deniz-kiyi-tesisleri-cevre-yonetimi\/\"><\/a>\r\n    \r\n        <\/div>\r\n            <\/div>\r\n    <\/div>\r\n    \r\n    <div class=\"item item-2315 skin flat odd 5 \">\r\n                <div class=\"layer-wrapper layout-\">\r\n                <div class=\"layer-media\"><a class=\"custom\" href=\"https:\/\/aykacevre.com\/index.php\/2019\/10\/28\/hakkimizda\/\"><img decoding=\"async\" src=\"https:\/\/aykacevre.com\/wp-content\/plugins\/post-grid\/assets\/frontend\/images\/placeholder.png\" \/><\/a><\/div>\r\n        <div class=\"layer-content\">\r\n            <div class=\"element element_0  title_link \">\r\n                    <a target=\"\" href=\"https:\/\/aykacevre.com\/index.php\/2019\/10\/28\/hakkimizda\/\">Hakk\u0131m\u0131zda<\/a>\r\n            <\/div>\r\n        <div class=\"element element_1  excerpt \">\r\n        Do\u011fru Ekipman ve Do\u011fru Ekip ile Denizler Bizimle Temiz...;AYKA \u00c7EVRE, T\u00fcrkiye'de petrol ve di\u011fer zararl\u0131 madde d\u00f6k\u00fcnt\u00fcs\u00fc konusunda planlama, e\u011fitim,            <\/div>\r\n                <a class=\"element element_2  read_more \" target=\"\" href=\"https:\/\/aykacevre.com\/index.php\/2019\/10\/28\/hakkimizda\/\"><\/a>\r\n    \r\n        <\/div>\r\n            <\/div>\r\n    <\/div>\r\n            <\/div>\r\n            <div class=\"pagination\">\r\n            <div class=\"paginate\">\r\n        <span aria-current=\"page\" class=\"page-numbers current\">1<\/span>\n<a class=\"page-numbers\" href=\"https:\/\/aykacevre.com\/index.php\/wp-json\/wp\/v2\/pages\/133\/page\/2\/\">2<\/a>\n<a class=\"next page-numbers\" href=\"https:\/\/aykacevre.com\/index.php\/wp-json\/wp\/v2\/pages\/133\/page\/2\/\">Next \u00bb<\/a>    <\/div>\r\n    <style type=\"text\/css\">\r\n        #post-grid-120 .pagination .page-numbers{\r\n            font-size:16px;\r\n            color:#fff;\r\n            background:#646464;\r\n        }\r\n        #post-grid-120 .pagination .page-numbers:hover,\r\n        #post-grid-120 .pagination .page-numbers.current{\r\n            background:#4b4b4b;\r\n        }\r\n    <\/style>\r\n        <\/div>\r\n        <style type=\"text\/css\">\r\n                        #post-grid-120 .element_0{display: block;font-size: 21px;line-height: normal;padding: 5px 10px;text-align: left; text-decoration: none;}\r\n                                #post-grid-120 .element_1{display: block;font-size: 14px;padding: 5px 10px;text-align: left;}\r\n                                #post-grid-120 .element_2{display: block;font-size: 12px;font-weight: bold;padding: 0 10px;text-align: left;text-decoration: none;}\r\n                #post-grid-120 .element_0:hover{}#post-grid-120 .element_1:hover{}#post-grid-120 .element_2:hover{}    <\/style>\r\n        <style type=\"text\/css\">\r\n        #post-grid-120 {\r\n                    padding:10px;\r\n                                        }\r\n        #post-grid-120 .grid-items{\r\n                    text-align: center;\r\n                }\r\n        #post-grid-120 .item{\r\n                    margin:10px;\r\n                            padding:0px;\r\n                            background:#fff;\r\n                }\r\n        #post-grid-120  .item .layer-media{\r\n            height:auto;        }\r\n        @media only screen and ( min-width: 0px ) and ( max-width: 767px ) {\r\n            #post-grid-120 .item{\r\n                            width:90%;\r\n                        height:auto;            }\r\n        }\r\n        @media only screen and ( min-width: 768px ) and ( max-width: 1023px ) {\r\n            #post-grid-120 .item{\r\n                            width:280px;\r\n                        max-height:auto;            }\r\n        }\r\n        @media only screen and (min-width: 1024px ){\r\n            #post-grid-120 .item{\r\n                            width:280px;\r\n                        height:auto;            }\r\n        }\r\n\r\n        \r\n\r\n    <\/style>\r\n    \r\n            \r\n        <script>\r\n            <\/script>\r\n        <\/div>\r\n    \n\n\n<div class=\"tc-testimonial-wrap\"><div class=\"tc-testimonial tcnav-vmid owl-carousel\"><div class=\"tc-testimonial-single\"><div class=\"tc-client\"><div class=\"tc-client-thumb\"><a href=\"\"><img loading=\"lazy\" decoding=\"async\" width=\"100\" height=\"100\" src=\"https:\/\/aykacevre.com\/wp-content\/uploads\/2018\/03\/post1-150x150.jpg\" class=\"attachment-100x100 size-100x100 wp-post-image\" alt=\"\" \/><\/a><\/div><div class=\"tc-author-details\"><div class=\"author-infobox\"><p class=\"tc-author-name\">CEMRE TERSANES\u0130<span class=\"role\"><span><\/p><\/div><div class=\"author-infobox\"><p class=\"tc-author-name\"><span class=\"role\"><span><\/p><\/div><\/div><\/div><div class=\"tc-content\"><p>Di\u011fer projelerde de \u00e7al\u0131\u015fmak isteriz , te\u015fekk\u00fcrler.<\/p>\n<\/div><\/div><div class=\"tc-testimonial-single\"><div class=\"tc-client\"><div class=\"tc-client-thumb\"><a href=\"\"><img loading=\"lazy\" decoding=\"async\" width=\"100\" height=\"100\" src=\"https:\/\/aykacevre.com\/wp-content\/uploads\/2018\/03\/galeri4-150x150.jpg\" class=\"attachment-100x100 size-100x100 wp-post-image\" alt=\"\" \/><\/a><\/div><div class=\"tc-author-details\"><div class=\"author-infobox\"><p class=\"tc-author-name\">SEF\u0130NE TERSANES\u0130<span class=\"role\"><span><\/p><\/div><div class=\"author-infobox\"><p class=\"tc-author-name\"><span class=\"role\"><span><\/p><\/div><\/div><\/div><div class=\"tc-content\"><p>Titiz yakla\u015f\u0131m\u0131n\u0131z i\u00e7in te\u015fekk\u00fcrler.<\/p>\n<\/div><\/div><\/div><\/div>\n\n\n<p>[wpgmza id=&#8221;1&#8243;]<\/p>\n\n\n\n<p><\/p>\n","protected":false},"excerpt":{"rendered":"Titiz yakla\u015f\u0131m\u0131n\u0131z i\u00e7in te\u015fekk\u00fcrler.","protected":false},"author":1,"featured_media":0,"parent":0,"menu_order":0,"comment_status":"closed","ping_status":"closed","template":"","meta":{"footnotes":""},"class_list":["post-133","page","type-page","status-publish","hentry"],"_links":{"self":[{"href":"https:\/\/aykacevre.com\/index.php\/wp-json\/wp\/v2\/pages\/133","targetHints":{"allow":["GET"]}}],"collection":[{"href":"https:\/\/aykacevre.com\/index.php\/wp-json\/wp\/v2\/pages"}],"about":[{"href":"https:\/\/aykacevre.com\/index.php\/wp-json\/wp\/v2\/types\/page"}],"author":[{"embeddable":true,"href":"https:\/\/aykacevre.com\/index.php\/wp-json\/wp\/v2\/users\/1"}],"replies":[{"embeddable":true,"href":"https:\/\/aykacevre.com\/index.php\/wp-json\/wp\/v2\/comments?post=133"}],"version-history":[{"count":4,"href":"https:\/\/aykacevre.com\/index.php\/wp-json\/wp\/v2\/pages\/133\/revisions"}],"predecessor-version":[{"id":139,"href":"https:\/\/aykacevre.com\/index.php\/wp-json\/wp\/v2\/pages\/133\/revisions\/139"}],"wp:attachment":[{"href":"https:\/\/aykacevre.com\/index.php\/wp-json\/wp\/v2\/media?parent=133"}],"curies":[{"name":"wp","href":"https:\/\/api.w.org\/{rel}","templated":true}]}}